{"id":212,"date":"2020-04-30T15:58:42","date_gmt":"2020-04-30T13:58:42","guid":{"rendered":"http:\/\/douceesthetique.fr\/?page_id=212"},"modified":"2020-06-04T17:13:42","modified_gmt":"2020-06-04T15:13:42","slug":"accueil","status":"publish","type":"page","link":"https:\/\/douceesthetique.fr\/","title":{"rendered":"Accueil"},"content":{"rendered":"\t\t<div data-elementor-type=\"wp-page\" data-elementor-id=\"212\" class=\"elementor elementor-212\" data-elementor-settings=\"[]\">\n\t\t\t<div class=\"elementor-inner\">\n\t\t\t\t<div class=\"elementor-section-wrap\">\n\t\t\t\t\t\t\t<section class=\"elementor-element elementor-element-2cb4461 elementor-section-stretched elementor-section-full_width elementor-section-content-middle elementor-section-height-min-height elementor-section-items-top elementor-section-height-default elementor-section elementor-top-section\" data-id=\"2cb4461\" data-element_type=\"section\" data-settings=\"{&quot;stretch_section&quot;:&quot;section-stretched&quot;,&quot;background_background&quot;:&quot;classic&quot;}\">\n\t\t\t\t\t\t<div class=\"elementor-container elementor-column-gap-default\">\n\t\t\t\t<div class=\"elementor-row\">\n\t\t\t\t<div class=\"elementor-element elementor-element-15e29ac elementor-column elementor-col-33 elementor-top-column\" data-id=\"15e29ac\" data-element_type=\"column\">\n\t\t\t<div class=\"elementor-column-wrap\">\n\t\t\t\t\t<div class=\"elementor-widget-wrap\">\n\t\t\t\t\t\t<\/div>\n\t\t\t<\/div>\n\t\t<\/div>\n\t\t\t\t<div class=\"elementor-element elementor-element-25bc263 elementor-column elementor-col-33 elementor-top-column\" data-id=\"25bc263\" data-element_type=\"column\">\n\t\t\t<div class=\"elementor-column-wrap  elementor-element-populated\">\n\t\t\t\t\t<div class=\"elementor-widget-wrap\">\n\t\t\t\t<div class=\"elementor-element elementor-element-e768b75 elementor-widget elementor-widget-text-editor\" data-id=\"e768b75\" data-element_type=\"widget\" data-widget_type=\"text-editor.default\">\n\t\t\t\t<div class=\"elementor-widget-container\">\n\t\t\t\t\t<div class=\"elementor-text-editor elementor-clearfix\"><p>Douce Esth\u00e9tique<\/p><\/div>\n\t\t\t\t<\/div>\n\t\t\t\t<\/div>\n\t\t\t\t<div class=\"elementor-element elementor-element-042764a elementor-absolute elementor-widget elementor-widget-text-editor\" data-id=\"042764a\" data-element_type=\"widget\" data-settings=\"{&quot;_position&quot;:&quot;absolute&quot;}\" data-widget_type=\"text-editor.default\">\n\t\t\t\t<div class=\"elementor-widget-container\">\n\t\t\t\t\t<div class=\"elementor-text-editor elementor-clearfix\"><p>Un institut ind\u00e9pendant, cr\u00e9\u00e9 par Roseline, unique praticienne, qui re\u00e7oit en toute confidentialit\u00e9.<\/p><div>Pour votre s\u00e9curit\u00e9 et votre bien \u00eatre, une seule personne \u00e0 la fois peut \u00eatre accueillie dans l&#8217;institut.<\/div><div>\u00a0<\/div><div><em>Toutes les mesures d&#8217;hygi\u00e8ne sont respect\u00e9es.<\/em><\/div><\/div>\n\t\t\t\t<\/div>\n\t\t\t\t<\/div>\n\t\t\t\t\t\t<\/div>\n\t\t\t<\/div>\n\t\t<\/div>\n\t\t\t\t<div class=\"elementor-element elementor-element-d91c6cc elementor-column elementor-col-33 elementor-top-column\" data-id=\"d91c6cc\" data-element_type=\"column\">\n\t\t\t<div class=\"elementor-column-wrap\">\n\t\t\t\t\t<div class=\"elementor-widget-wrap\">\n\t\t\t\t\t\t<\/div>\n\t\t\t<\/div>\n\t\t<\/div>\n\t\t\t\t\t\t<\/div>\n\t\t\t<\/div>\n\t\t<\/section>\n\t\t\t\t<section class=\"elementor-element elementor-element-ab13da6 elementor-section-stretched elementor-section-full_width elementor-section-content-middle elementor-section-height-default elementor-section-height-default elementor-section elementor-top-section\" data-id=\"ab13da6\" data-element_type=\"section\" data-settings=\"{&quot;stretch_section&quot;:&quot;section-stretched&quot;}\">\n\t\t\t\t\t\t<div class=\"elementor-container elementor-column-gap-default\">\n\t\t\t\t<div class=\"elementor-row\">\n\t\t\t\t<div class=\"elementor-element elementor-element-e4cf035 elementor-column elementor-col-100 elementor-top-column\" data-id=\"e4cf035\" data-element_type=\"column\">\n\t\t\t<div class=\"elementor-column-wrap  elementor-element-populated\">\n\t\t\t\t\t<div class=\"elementor-widget-wrap\">\n\t\t\t\t<div class=\"elementor-element elementor-element-820aad9 elementor-widget elementor-widget-image\" data-id=\"820aad9\" data-element_type=\"widget\" data-widget_type=\"image.default\">\n\t\t\t\t<div class=\"elementor-widget-container\">\n\t\t\t\t\t<div class=\"elementor-image\">\n\t\t\t\t\t\t\t\t\t\t<img width=\"1920\" height=\"198\" src=\"https:\/\/douceesthetique.fr\/wp-content\/uploads\/2020\/05\/icone-yon-ka-1.png\" class=\"attachment-full size-full\" alt=\"\" loading=\"lazy\" srcset=\"https:\/\/douceesthetique.fr\/wp-content\/uploads\/2020\/05\/icone-yon-ka-1.png 1920w, https:\/\/douceesthetique.fr\/wp-content\/uploads\/2020\/05\/icone-yon-ka-1-300x31.png 300w, https:\/\/douceesthetique.fr\/wp-content\/uploads\/2020\/05\/icone-yon-ka-1-768x79.png 768w, https:\/\/douceesthetique.fr\/wp-content\/uploads\/2020\/05\/icone-yon-ka-1-1024x106.png 1024w\" sizes=\"(max-width: 1920px) 100vw, 1920px\" \/>\t\t\t\t\t\t\t\t\t\t\t<\/div>\n\t\t\t\t<\/div>\n\t\t\t\t<\/div>\n\t\t\t\t\t\t<\/div>\n\t\t\t<\/div>\n\t\t<\/div>\n\t\t\t\t\t\t<\/div>\n\t\t\t<\/div>\n\t\t<\/section>\n\t\t\t\t<section class=\"elementor-element elementor-element-e789e2d elementor-section-stretched elementor-section-boxed elementor-section-height-default elementor-section-height-default elementor-section elementor-top-section\" data-id=\"e789e2d\" data-element_type=\"section\" data-settings=\"{&quot;stretch_section&quot;:&quot;section-stretched&quot;,&quot;background_background&quot;:&quot;classic&quot;}\">\n\t\t\t\t\t\t<div class=\"elementor-container elementor-column-gap-default\">\n\t\t\t\t<div class=\"elementor-row\">\n\t\t\t\t<div class=\"elementor-element elementor-element-b3a1568 elementor-column elementor-col-100 elementor-top-column\" data-id=\"b3a1568\" data-element_type=\"column\">\n\t\t\t<div class=\"elementor-column-wrap  elementor-element-populated\">\n\t\t\t\t\t<div class=\"elementor-widget-wrap\">\n\t\t\t\t<div class=\"elementor-element elementor-element-b4c10ca elementor-widget elementor-widget-heading\" data-id=\"b4c10ca\" data-element_type=\"widget\" data-widget_type=\"heading.default\">\n\t\t\t\t<div class=\"elementor-widget-container\">\n\t\t\t<h2 class=\"elementor-heading-title elementor-size-default\">LES OFFRES DU MOMENTS<\/h2>\t\t<\/div>\n\t\t\t\t<\/div>\n\t\t\t\t\t\t<\/div>\n\t\t\t<\/div>\n\t\t<\/div>\n\t\t\t\t\t\t<\/div>\n\t\t\t<\/div>\n\t\t<\/section>\n\t\t\t\t<section class=\"elementor-element elementor-element-4ae2155 elementor-section-stretched elementor-section-height-min-height elementor-section-items-top elementor-section-boxed elementor-section-height-default elementor-section elementor-top-section\" data-id=\"4ae2155\" data-element_type=\"section\" data-settings=\"{&quot;stretch_section&quot;:&quot;section-stretched&quot;,&quot;background_background&quot;:&quot;classic&quot;}\">\n\t\t\t\t\t\t<div class=\"elementor-container elementor-column-gap-default\">\n\t\t\t\t<div class=\"elementor-row\">\n\t\t\t\t<div class=\"elementor-element elementor-element-5225b95 elementor-column elementor-col-100 elementor-top-column\" data-id=\"5225b95\" data-element_type=\"column\">\n\t\t\t<div class=\"elementor-column-wrap  elementor-element-populated\">\n\t\t\t\t\t<div class=\"elementor-widget-wrap\">\n\t\t\t\t<div class=\"elementor-element elementor-element-8df1cb8 elementor-widget__width-initial elementor-absolute elementor-widget elementor-widget-text-editor\" data-id=\"8df1cb8\" data-element_type=\"widget\" data-settings=\"{&quot;_position&quot;:&quot;absolute&quot;}\" data-widget_type=\"text-editor.default\">\n\t\t\t\t<div class=\"elementor-widget-container\">\n\t\t\t\t\t<div class=\"elementor-text-editor elementor-clearfix\"><p>Vous avez aimez votre soin, notre approche, nos produits, faites partagez votre exp\u00e9rience \u00e0 l&#8217;un de vos proches gr\u00e2ce \u00e0 la <span style=\"color: #ff6600;\"><strong>CARTE CADEAU<\/strong><\/span> personnalisable.<\/p><\/div>\n\t\t\t\t<\/div>\n\t\t\t\t<\/div>\n\t\t\t\t<div class=\"elementor-element elementor-element-a36f5bd elementor-widget elementor-widget-text-editor\" data-id=\"a36f5bd\" data-element_type=\"widget\" data-widget_type=\"text-editor.default\">\n\t\t\t\t<div class=\"elementor-widget-container\">\n\t\t\t\t\t<div class=\"elementor-text-editor elementor-clearfix\"><\/div>\n\t\t\t\t<\/div>\n\t\t\t\t<\/div>\n\t\t\t\t\t\t<\/div>\n\t\t\t<\/div>\n\t\t<\/div>\n\t\t\t\t\t\t<\/div>\n\t\t\t<\/div>\n\t\t<\/section>\n\t\t\t\t<section class=\"elementor-element elementor-element-6bb533f elementor-section-stretched elementor-section-height-min-height elementor-section-boxed elementor-section-height-default elementor-section-items-middle elementor-section elementor-top-section\" data-id=\"6bb533f\" data-element_type=\"section\" data-settings=\"{&quot;stretch_section&quot;:&quot;section-stretched&quot;,&quot;background_background&quot;:&quot;classic&quot;}\">\n\t\t\t\t\t\t<div class=\"elementor-container elementor-column-gap-default\">\n\t\t\t\t<div class=\"elementor-row\">\n\t\t\t\t<div class=\"elementor-element elementor-element-a07f20b elementor-column elementor-col-100 elementor-top-column\" data-id=\"a07f20b\" data-element_type=\"column\">\n\t\t\t<div class=\"elementor-column-wrap  elementor-element-populated\">\n\t\t\t\t\t<div class=\"elementor-widget-wrap\">\n\t\t\t\t<div class=\"elementor-element elementor-element-88cd60f elementor-widget elementor-widget-text-editor\" data-id=\"88cd60f\" data-element_type=\"widget\" data-widget_type=\"text-editor.default\">\n\t\t\t\t<div class=\"elementor-widget-container\">\n\t\t\t\t\t<div class=\"elementor-text-editor elementor-clearfix\"><div><span style=\"color: #ff6600;\"><strong>OFFRE JETPEEL\u00ae<\/strong><\/span><br \/>Drainage visage et hydratation :\u00a0100\u20ac<\/div><\/div>\n\t\t\t\t<\/div>\n\t\t\t\t<\/div>\n\t\t\t\t\t\t<\/div>\n\t\t\t<\/div>\n\t\t<\/div>\n\t\t\t\t\t\t<\/div>\n\t\t\t<\/div>\n\t\t<\/section>\n\t\t\t\t\t\t<\/div>\n\t\t\t<\/div>\n\t\t<\/div>\n\t\t","protected":false},"excerpt":{"rendered":"<p>Douce Esth\u00e9tique Un institut ind\u00e9pendant, cr\u00e9\u00e9 par Roseline, unique praticienne, qui re\u00e7oit en toute confidentialit\u00e9. Pour votre s\u00e9curit\u00e9 et votre bien \u00eatre, une seule personne \u00e0 la fois peut \u00eatre accueillie dans l&#8217;institut.\u00a0Toutes les mesures d&#8217;hygi\u00e8ne sont respect\u00e9es. LES OFFRES DU MOMENTS Vous avez aimez votre soin, notre approche, nos produits, faites partagez votre exp\u00e9rience&hellip; <\/p>\n","protected":false},"author":1,"featured_media":0,"parent":0,"menu_order":0,"comment_status":"closed","ping_status":"closed","template":"","meta":[],"yoast_head":"<!-- This site is optimized with the Yoast SEO plugin v14.1 - https:\/\/yoast.com\/wordpress\/plugins\/seo\/ -->\n<title>Accueil - Douce Esth\u00e9tique<\/title>\n<meta name=\"robots\" content=\"index, follow\" \/>\n<meta name=\"googlebot\" content=\"index, follow, max-snippet:-1, max-image-preview:large, max-video-preview:-1\" \/>\n<meta name=\"bingbot\" content=\"index, follow, max-snippet:-1, max-image-preview:large, max-video-preview:-1\" \/>\n<link rel=\"canonical\" href=\"http:\/\/douceesthetique.fr\/\" \/>\n<meta property=\"og:locale\" content=\"en_US\" \/>\n<meta property=\"og:type\" content=\"article\" \/>\n<meta property=\"og:title\" content=\"Accueil - Douce Esth\u00e9tique\" \/>\n<meta property=\"og:description\" content=\"Douce Esth\u00e9tique Un institut ind\u00e9pendant, cr\u00e9\u00e9 par Roseline, unique praticienne, qui re\u00e7oit en toute confidentialit\u00e9. Pour votre s\u00e9curit\u00e9 et votre bien \u00eatre, une seule personne \u00e0 la fois peut \u00eatre accueillie dans l&#8217;institut.\u00a0Toutes les mesures d&#8217;hygi\u00e8ne sont respect\u00e9es. LES OFFRES DU MOMENTS Vous avez aimez votre soin, notre approche, nos produits, faites partagez votre exp\u00e9rience&hellip;\" \/>\n<meta property=\"og:url\" content=\"http:\/\/douceesthetique.fr\/\" \/>\n<meta property=\"og:site_name\" content=\"Douce Esth\u00e9tique\" \/>\n<meta property=\"article:modified_time\" content=\"2020-06-04T15:13:42+00:00\" \/>\n<meta property=\"og:image\" content=\"http:\/\/douceesthetique.fr\/wp-content\/uploads\/2020\/05\/icone-yon-ka-1.png\" \/>\n<meta name=\"twitter:card\" content=\"summary_large_image\" \/>\n<script type=\"application\/ld+json\" class=\"yoast-schema-graph\">{\"@context\":\"https:\/\/schema.org\",\"@graph\":[{\"@type\":\"WebSite\",\"@id\":\"https:\/\/douceesthetique.fr\/#website\",\"url\":\"https:\/\/douceesthetique.fr\/\",\"name\":\"douceesth\\u00e9tique\",\"description\":\"INSTITUT DE BEAUT\\u00c9\",\"potentialAction\":[{\"@type\":\"SearchAction\",\"target\":\"https:\/\/douceesthetique.fr\/?s={search_term_string}\",\"query-input\":\"required name=search_term_string\"}],\"inLanguage\":\"en-US\"},{\"@type\":\"ImageObject\",\"@id\":\"http:\/\/douceesthetique.fr\/#primaryimage\",\"inLanguage\":\"en-US\",\"url\":\"http:\/\/douceesthetique.fr\/wp-content\/uploads\/2020\/05\/icone-yon-ka-1.png\"},{\"@type\":\"WebPage\",\"@id\":\"http:\/\/douceesthetique.fr\/#webpage\",\"url\":\"http:\/\/douceesthetique.fr\/\",\"name\":\"Accueil - Douce Esth\\u00e9tique\",\"isPartOf\":{\"@id\":\"https:\/\/douceesthetique.fr\/#website\"},\"primaryImageOfPage\":{\"@id\":\"http:\/\/douceesthetique.fr\/#primaryimage\"},\"datePublished\":\"2020-04-30T13:58:42+00:00\",\"dateModified\":\"2020-06-04T15:13:42+00:00\",\"inLanguage\":\"en-US\",\"potentialAction\":[{\"@type\":\"ReadAction\",\"target\":[\"http:\/\/douceesthetique.fr\/\"]}]}]}<\/script>\n<!-- \/ Yoast SEO plugin. -->","_links":{"self":[{"href":"https:\/\/douceesthetique.fr\/index.php\/wp-json\/wp\/v2\/pages\/212"}],"collection":[{"href":"https:\/\/douceesthetique.fr\/index.php\/wp-json\/wp\/v2\/pages"}],"about":[{"href":"https:\/\/douceesthetique.fr\/index.php\/wp-json\/wp\/v2\/types\/page"}],"author":[{"embeddable":true,"href":"https:\/\/douceesthetique.fr\/index.php\/wp-json\/wp\/v2\/users\/1"}],"replies":[{"embeddable":true,"href":"https:\/\/douceesthetique.fr\/index.php\/wp-json\/wp\/v2\/comments?post=212"}],"version-history":[{"count":111,"href":"https:\/\/douceesthetique.fr\/index.php\/wp-json\/wp\/v2\/pages\/212\/revisions"}],"predecessor-version":[{"id":883,"href":"https:\/\/douceesthetique.fr\/index.php\/wp-json\/wp\/v2\/pages\/212\/revisions\/883"}],"wp:attachment":[{"href":"https:\/\/douceesthetique.fr\/index.php\/wp-json\/wp\/v2\/media?parent=212"}],"curies":[{"name":"wp","href":"https:\/\/api.w.org\/{rel}","templated":true}]}}