{"id":40,"date":"2020-04-24T14:37:04","date_gmt":"2020-04-24T12:37:04","guid":{"rendered":"http:\/\/douceesthetique.fr\/?page_id=40"},"modified":"2020-05-11T08:45:53","modified_gmt":"2020-05-11T06:45:53","slug":"linstitut","status":"publish","type":"page","link":"https:\/\/douceesthetique.fr\/index.php\/linstitut\/","title":{"rendered":"L&#8217;institut"},"content":{"rendered":"\t\t<div data-elementor-type=\"wp-page\" data-elementor-id=\"40\" class=\"elementor elementor-40\" data-elementor-settings=\"[]\">\n\t\t\t<div class=\"elementor-inner\">\n\t\t\t\t<div class=\"elementor-section-wrap\">\n\t\t\t\t\t\t\t<section class=\"elementor-element elementor-element-4aa7744 elementor-section-stretched elementor-section-full_width elementor-section-content-middle elementor-section-height-default elementor-section-height-default elementor-section elementor-top-section\" data-id=\"4aa7744\" data-element_type=\"section\" data-settings=\"{&quot;stretch_section&quot;:&quot;section-stretched&quot;,&quot;background_background&quot;:&quot;classic&quot;}\">\n\t\t\t\t\t\t<div class=\"elementor-container elementor-column-gap-default\">\n\t\t\t\t<div class=\"elementor-row\">\n\t\t\t\t<div class=\"elementor-element elementor-element-9d402a2 elementor-column elementor-col-100 elementor-top-column\" data-id=\"9d402a2\" data-element_type=\"column\">\n\t\t\t<div class=\"elementor-column-wrap  elementor-element-populated\">\n\t\t\t\t\t<div class=\"elementor-widget-wrap\">\n\t\t\t\t<div class=\"elementor-element elementor-element-55f43d0 elementor-widget elementor-widget-text-editor\" data-id=\"55f43d0\" data-element_type=\"widget\" data-widget_type=\"text-editor.default\">\n\t\t\t\t<div class=\"elementor-widget-container\">\n\t\t\t\t\t<div class=\"elementor-text-editor elementor-clearfix\"><p>Quand l\u2019expertise et le savoir-faire riment avec exigence et qualit\u00e9, pour sublimer votre beaut\u00e9\u00a0!<\/p><\/div>\n\t\t\t\t<\/div>\n\t\t\t\t<\/div>\n\t\t\t\t\t\t<\/div>\n\t\t\t<\/div>\n\t\t<\/div>\n\t\t\t\t\t\t<\/div>\n\t\t\t<\/div>\n\t\t<\/section>\n\t\t\t\t<section class=\"elementor-element elementor-element-a9be9a1 elementor-section-stretched elementor-section-full_width elementor-section-content-middle elementor-section-height-min-height elementor-section-items-top elementor-section-height-default elementor-section elementor-top-section\" data-id=\"a9be9a1\" data-element_type=\"section\" data-settings=\"{&quot;stretch_section&quot;:&quot;section-stretched&quot;,&quot;background_background&quot;:&quot;classic&quot;}\">\n\t\t\t\t\t\t<div class=\"elementor-container elementor-column-gap-default\">\n\t\t\t\t<div class=\"elementor-row\">\n\t\t\t\t<div class=\"elementor-element elementor-element-b52a8f6 elementor-column elementor-col-50 elementor-top-column\" data-id=\"b52a8f6\" data-element_type=\"column\">\n\t\t\t<div class=\"elementor-column-wrap  elementor-element-populated\">\n\t\t\t\t\t<div class=\"elementor-widget-wrap\">\n\t\t\t\t<div class=\"elementor-element elementor-element-fb9b31c elementor-widget elementor-widget-text-editor\" data-id=\"fb9b31c\" data-element_type=\"widget\" data-widget_type=\"text-editor.default\">\n\t\t\t\t<div class=\"elementor-widget-container\">\n\t\t\t\t\t<div class=\"elementor-text-editor elementor-clearfix\"><p><strong>Des soins personnalis\u00e9s,&nbsp;<\/strong><\/p>\n<p><strong>parce que chaque beaut\u00e9 est unique&nbsp;:<\/strong><\/p>\n<p>Les soins visage et corps sont compos\u00e9s selon vos attentes et vos besoins. Pour chacun de vos massages, Douce Esth\u00e9tique vous propose une combinaison sur-mesure des meilleures m\u00e9thodes traditionnelles, associ\u00e9es \u00e0 des gestuelles novatrices et exclusives.<\/p>\n<p><\/p>\n<p><strong><br><\/strong><\/p>\n<p><strong>\u00c9coute, conseil, expertise et bienveillance&nbsp;:<\/strong><\/p>\n<p>Gr\u00e2ce \u00e0 son d\u00e9sir d\u2019exigence et son grand professionnalisme, Douce Esth\u00e9tique vous fera vivre des moments de d\u00e9tente et de beaut\u00e9 inoubliables, aux r\u00e9sultats incomparables.<\/p><p><br><\/p><\/div>\n\t\t\t\t<\/div>\n\t\t\t\t<\/div>\n\t\t\t\t\t\t<\/div>\n\t\t\t<\/div>\n\t\t<\/div>\n\t\t\t\t<div class=\"elementor-element elementor-element-133d957 elementor-column elementor-col-50 elementor-top-column\" data-id=\"133d957\" data-element_type=\"column\">\n\t\t\t<div class=\"elementor-column-wrap  elementor-element-populated\">\n\t\t\t\t\t<div class=\"elementor-widget-wrap\">\n\t\t\t\t<div class=\"elementor-element elementor-element-ce02f0c elementor-widget elementor-widget-image\" data-id=\"ce02f0c\" data-element_type=\"widget\" data-widget_type=\"image.default\">\n\t\t\t\t<div class=\"elementor-widget-container\">\n\t\t\t\t\t<div class=\"elementor-image\">\n\t\t\t\t\t\t\t\t\t\t<img width=\"550\" height=\"521\" src=\"https:\/\/douceesthetique.fr\/wp-content\/uploads\/2020\/05\/QUINTESSENCE-FIOLE-copie.png\" class=\"attachment-medium_large size-medium_large\" alt=\"\" loading=\"lazy\" srcset=\"https:\/\/douceesthetique.fr\/wp-content\/uploads\/2020\/05\/QUINTESSENCE-FIOLE-copie.png 550w, https:\/\/douceesthetique.fr\/wp-content\/uploads\/2020\/05\/QUINTESSENCE-FIOLE-copie-300x284.png 300w\" sizes=\"(max-width: 550px) 100vw, 550px\" \/>\t\t\t\t\t\t\t\t\t\t\t<\/div>\n\t\t\t\t<\/div>\n\t\t\t\t<\/div>\n\t\t\t\t\t\t<\/div>\n\t\t\t<\/div>\n\t\t<\/div>\n\t\t\t\t\t\t<\/div>\n\t\t\t<\/div>\n\t\t<\/section>\n\t\t\t\t<section class=\"elementor-element elementor-element-1c2d0fd elementor-section-stretched elementor-section-full_width elementor-section-content-middle elementor-section-height-default elementor-section-height-default elementor-section elementor-top-section\" data-id=\"1c2d0fd\" data-element_type=\"section\" data-settings=\"{&quot;stretch_section&quot;:&quot;section-stretched&quot;,&quot;background_background&quot;:&quot;classic&quot;}\">\n\t\t\t\t\t\t\t<div class=\"elementor-background-overlay\"><\/div>\n\t\t\t\t\t\t\t<div class=\"elementor-container elementor-column-gap-narrow\">\n\t\t\t\t<div class=\"elementor-row\">\n\t\t\t\t<div class=\"elementor-element elementor-element-8a15234 elementor-column elementor-col-50 elementor-top-column\" data-id=\"8a15234\" data-element_type=\"column\">\n\t\t\t<div class=\"elementor-column-wrap  elementor-element-populated\">\n\t\t\t\t\t<div class=\"elementor-widget-wrap\">\n\t\t\t\t<div class=\"elementor-element elementor-element-014eaf2 elementor-widget elementor-widget-image\" data-id=\"014eaf2\" data-element_type=\"widget\" data-widget_type=\"image.default\">\n\t\t\t\t<div class=\"elementor-widget-container\">\n\t\t\t\t\t<div class=\"elementor-image\">\n\t\t\t\t\t\t\t\t\t\t<img width=\"300\" height=\"253\" src=\"https:\/\/douceesthetique.fr\/wp-content\/uploads\/2020\/04\/\u00a9-LOGO-YONKA_N70_jpg-300x253.jpg\" class=\"attachment-medium size-medium\" alt=\"\" loading=\"lazy\" srcset=\"https:\/\/douceesthetique.fr\/wp-content\/uploads\/2020\/04\/\u00a9-LOGO-YONKA_N70_jpg-300x253.jpg 300w, https:\/\/douceesthetique.fr\/wp-content\/uploads\/2020\/04\/\u00a9-LOGO-YONKA_N70_jpg.jpg 569w\" sizes=\"(max-width: 300px) 100vw, 300px\" \/>\t\t\t\t\t\t\t\t\t\t\t<\/div>\n\t\t\t\t<\/div>\n\t\t\t\t<\/div>\n\t\t\t\t\t\t<\/div>\n\t\t\t<\/div>\n\t\t<\/div>\n\t\t\t\t<div class=\"elementor-element elementor-element-6989270 elementor-column elementor-col-50 elementor-top-column\" data-id=\"6989270\" data-element_type=\"column\">\n\t\t\t<div class=\"elementor-column-wrap  elementor-element-populated\">\n\t\t\t\t\t<div class=\"elementor-widget-wrap\">\n\t\t\t\t<div class=\"elementor-element elementor-element-b6d6f15 elementor-widget elementor-widget-text-editor\" data-id=\"b6d6f15\" data-element_type=\"widget\" data-widget_type=\"text-editor.default\">\n\t\t\t\t<div class=\"elementor-widget-container\">\n\t\t\t\t\t<div class=\"elementor-text-editor elementor-clearfix\"><p>Dans cette recherche constante de performance et de respect de la peau, Douce Esth\u00e9tique a choisi les produits Yonka, marque fran\u00e7aise pionni\u00e8re dans le domaine de l\u2019aromath\u00e9rapie, \u00e9laborant depuis plus de 60 ans des soins aux actifs naturels innovants et \u00e0 l\u2019efficacit\u00e9 prouv\u00e9e.<\/p><\/div>\n\t\t\t\t<\/div>\n\t\t\t\t<\/div>\n\t\t\t\t\t\t<\/div>\n\t\t\t<\/div>\n\t\t<\/div>\n\t\t\t\t\t\t<\/div>\n\t\t\t<\/div>\n\t\t<\/section>\n\t\t\t\t<section class=\"elementor-element elementor-element-2235120 elementor-section-stretched elementor-section-full_width elementor-section-content-middle elementor-section-height-default elementor-section-height-default elementor-section elementor-top-section\" data-id=\"2235120\" data-element_type=\"section\" data-settings=\"{&quot;stretch_section&quot;:&quot;section-stretched&quot;,&quot;background_background&quot;:&quot;classic&quot;}\">\n\t\t\t\t\t\t<div class=\"elementor-container elementor-column-gap-default\">\n\t\t\t\t<div class=\"elementor-row\">\n\t\t\t\t<div class=\"elementor-element elementor-element-4704266 elementor-column elementor-col-33 elementor-top-column\" data-id=\"4704266\" data-element_type=\"column\">\n\t\t\t<div class=\"elementor-column-wrap  elementor-element-populated\">\n\t\t\t\t\t<div class=\"elementor-widget-wrap\">\n\t\t\t\t<div class=\"elementor-element elementor-element-ad480f6 elementor-widget elementor-widget-text-editor\" data-id=\"ad480f6\" data-element_type=\"widget\" data-widget_type=\"text-editor.default\">\n\t\t\t\t<div class=\"elementor-widget-container\">\n\t\t\t\t\t<div class=\"elementor-text-editor elementor-clearfix\"><\/div>\n\t\t\t\t<\/div>\n\t\t\t\t<\/div>\n\t\t\t\t<div class=\"elementor-element elementor-element-d36bb43 elementor-widget elementor-widget-image\" data-id=\"d36bb43\" data-element_type=\"widget\" data-widget_type=\"image.default\">\n\t\t\t\t<div class=\"elementor-widget-container\">\n\t\t\t\t\t<div class=\"elementor-image\">\n\t\t\t\t\t\t\t\t\t\t<img width=\"768\" height=\"768\" src=\"https:\/\/douceesthetique.fr\/wp-content\/uploads\/2020\/05\/yonka_huile_delicieuse-768x768.png\" class=\"attachment-medium_large size-medium_large\" alt=\"\" loading=\"lazy\" srcset=\"https:\/\/douceesthetique.fr\/wp-content\/uploads\/2020\/05\/yonka_huile_delicieuse-768x768.png 768w, https:\/\/douceesthetique.fr\/wp-content\/uploads\/2020\/05\/yonka_huile_delicieuse-150x150.png 150w, https:\/\/douceesthetique.fr\/wp-content\/uploads\/2020\/05\/yonka_huile_delicieuse-300x300.png 300w, https:\/\/douceesthetique.fr\/wp-content\/uploads\/2020\/05\/yonka_huile_delicieuse-1024x1024.png 1024w, https:\/\/douceesthetique.fr\/wp-content\/uploads\/2020\/05\/yonka_huile_delicieuse.png 1200w\" sizes=\"(max-width: 768px) 100vw, 768px\" \/>\t\t\t\t\t\t\t\t\t\t\t<\/div>\n\t\t\t\t<\/div>\n\t\t\t\t<\/div>\n\t\t\t\t\t\t<\/div>\n\t\t\t<\/div>\n\t\t<\/div>\n\t\t\t\t<div class=\"elementor-element elementor-element-3c891bd elementor-column elementor-col-66 elementor-top-column\" data-id=\"3c891bd\" data-element_type=\"column\">\n\t\t\t<div class=\"elementor-column-wrap  elementor-element-populated\">\n\t\t\t\t\t<div class=\"elementor-widget-wrap\">\n\t\t\t\t<div class=\"elementor-element elementor-element-8a7a910 elementor-widget elementor-widget-text-editor\" data-id=\"8a7a910\" data-element_type=\"widget\" data-widget_type=\"text-editor.default\">\n\t\t\t\t<div class=\"elementor-widget-container\">\n\t\t\t\t\t<div class=\"elementor-text-editor elementor-clearfix\"><p>En choisissant les soins phyto-aromatiques, Douce Esth\u00e9tique vous offre une solution alternative ainsi qu\u2019une compl\u00e9mentarit\u00e9 aux techniques esth\u00e9tiques m\u00e9dicales, pour des r\u00e9sultats visibles et durables sans agressivit\u00e9.<\/p>\n<p><\/p>\n<p><br><\/p><p>D\u00e8s la fin de votre premier soin visage, vous voyez la diff\u00e9rence !<\/p>\n<p><\/p>\n<p><br><\/p><p>La marque Yonka utilise des huiles essentielles et des extraits de plantes, combin\u00e9s aux actifs de r\u00e9f\u00e9rence (acide hyaluronique, vitamine C, peptides, AHA, etc.) pour cibler le vieillissement cutan\u00e9 et les diff\u00e9rentes probl\u00e9matiques de beaut\u00e9.<\/p><\/div>\n\t\t\t\t<\/div>\n\t\t\t\t<\/div>\n\t\t\t\t\t\t<\/div>\n\t\t\t<\/div>\n\t\t<\/div>\n\t\t\t\t\t\t<\/div>\n\t\t\t<\/div>\n\t\t<\/section>\n\t\t\t\t\t\t<\/div>\n\t\t\t<\/div>\n\t\t<\/div>\n\t\t","protected":false},"excerpt":{"rendered":"<p>Quand l\u2019expertise et le savoir-faire riment avec exigence et qualit\u00e9, pour sublimer votre beaut\u00e9\u00a0! Des soins personnalis\u00e9s,&nbsp; parce que chaque beaut\u00e9 est unique&nbsp;: Les soins visage et corps sont compos\u00e9s selon vos attentes et vos besoins. Pour chacun de vos massages, Douce Esth\u00e9tique vous propose une combinaison sur-mesure des meilleures m\u00e9thodes traditionnelles, associ\u00e9es \u00e0 des&hellip; <\/p>\n","protected":false},"author":1,"featured_media":0,"parent":0,"menu_order":0,"comment_status":"closed","ping_status":"closed","template":"","meta":[],"yoast_head":"<!-- This site is optimized with the Yoast SEO plugin v14.1 - https:\/\/yoast.com\/wordpress\/plugins\/seo\/ -->\n<title>L&#039;institut - Douce Esth\u00e9tique<\/title>\n<meta name=\"robots\" content=\"index, follow\" \/>\n<meta name=\"googlebot\" content=\"index, follow, max-snippet:-1, max-image-preview:large, max-video-preview:-1\" \/>\n<meta name=\"bingbot\" content=\"index, follow, max-snippet:-1, max-image-preview:large, max-video-preview:-1\" \/>\n<link rel=\"canonical\" href=\"http:\/\/douceesthetique.fr\/index.php\/linstitut\/\" \/>\n<meta property=\"og:locale\" content=\"en_US\" \/>\n<meta property=\"og:type\" content=\"article\" \/>\n<meta property=\"og:title\" content=\"L&#039;institut - Douce Esth\u00e9tique\" \/>\n<meta property=\"og:description\" content=\"Quand l\u2019expertise et le savoir-faire riment avec exigence et qualit\u00e9, pour sublimer votre beaut\u00e9\u00a0! Des soins personnalis\u00e9s,&nbsp; parce que chaque beaut\u00e9 est unique&nbsp;: Les soins visage et corps sont compos\u00e9s selon vos attentes et vos besoins. Pour chacun de vos massages, Douce Esth\u00e9tique vous propose une combinaison sur-mesure des meilleures m\u00e9thodes traditionnelles, associ\u00e9es \u00e0 des&hellip;\" \/>\n<meta property=\"og:url\" content=\"http:\/\/douceesthetique.fr\/index.php\/linstitut\/\" \/>\n<meta property=\"og:site_name\" content=\"Douce Esth\u00e9tique\" \/>\n<meta property=\"article:modified_time\" content=\"2020-05-11T06:45:53+00:00\" \/>\n<meta property=\"og:image\" content=\"http:\/\/douceesthetique.fr\/wp-content\/uploads\/2020\/05\/QUINTESSENCE-FIOLE-copie.png\" \/>\n<meta name=\"twitter:card\" content=\"summary_large_image\" \/>\n<script type=\"application\/ld+json\" class=\"yoast-schema-graph\">{\"@context\":\"https:\/\/schema.org\",\"@graph\":[{\"@type\":\"WebSite\",\"@id\":\"https:\/\/douceesthetique.fr\/#website\",\"url\":\"https:\/\/douceesthetique.fr\/\",\"name\":\"douceesth\\u00e9tique\",\"description\":\"INSTITUT DE BEAUT\\u00c9\",\"potentialAction\":[{\"@type\":\"SearchAction\",\"target\":\"https:\/\/douceesthetique.fr\/?s={search_term_string}\",\"query-input\":\"required name=search_term_string\"}],\"inLanguage\":\"en-US\"},{\"@type\":\"ImageObject\",\"@id\":\"http:\/\/douceesthetique.fr\/index.php\/linstitut\/#primaryimage\",\"inLanguage\":\"en-US\",\"url\":\"http:\/\/douceesthetique.fr\/wp-content\/uploads\/2020\/05\/QUINTESSENCE-FIOLE-copie.png\"},{\"@type\":\"WebPage\",\"@id\":\"http:\/\/douceesthetique.fr\/index.php\/linstitut\/#webpage\",\"url\":\"http:\/\/douceesthetique.fr\/index.php\/linstitut\/\",\"name\":\"L'institut - Douce Esth\\u00e9tique\",\"isPartOf\":{\"@id\":\"https:\/\/douceesthetique.fr\/#website\"},\"primaryImageOfPage\":{\"@id\":\"http:\/\/douceesthetique.fr\/index.php\/linstitut\/#primaryimage\"},\"datePublished\":\"2020-04-24T12:37:04+00:00\",\"dateModified\":\"2020-05-11T06:45:53+00:00\",\"inLanguage\":\"en-US\",\"potentialAction\":[{\"@type\":\"ReadAction\",\"target\":[\"http:\/\/douceesthetique.fr\/index.php\/linstitut\/\"]}]}]}<\/script>\n<!-- \/ Yoast SEO plugin. -->","_links":{"self":[{"href":"https:\/\/douceesthetique.fr\/index.php\/wp-json\/wp\/v2\/pages\/40"}],"collection":[{"href":"https:\/\/douceesthetique.fr\/index.php\/wp-json\/wp\/v2\/pages"}],"about":[{"href":"https:\/\/douceesthetique.fr\/index.php\/wp-json\/wp\/v2\/types\/page"}],"author":[{"embeddable":true,"href":"https:\/\/douceesthetique.fr\/index.php\/wp-json\/wp\/v2\/users\/1"}],"replies":[{"embeddable":true,"href":"https:\/\/douceesthetique.fr\/index.php\/wp-json\/wp\/v2\/comments?post=40"}],"version-history":[{"count":77,"href":"https:\/\/douceesthetique.fr\/index.php\/wp-json\/wp\/v2\/pages\/40\/revisions"}],"predecessor-version":[{"id":878,"href":"https:\/\/douceesthetique.fr\/index.php\/wp-json\/wp\/v2\/pages\/40\/revisions\/878"}],"wp:attachment":[{"href":"https:\/\/douceesthetique.fr\/index.php\/wp-json\/wp\/v2\/media?parent=40"}],"curies":[{"name":"wp","href":"https:\/\/api.w.org\/{rel}","templated":true}]}}