{"id":45,"date":"2020-04-24T14:37:04","date_gmt":"2020-04-24T12:37:04","guid":{"rendered":"http:\/\/douceesthetique.fr\/?page_id=45"},"modified":"2020-05-11T01:17:39","modified_gmt":"2020-05-10T23:17:39","slug":"instants-corps","status":"publish","type":"page","link":"https:\/\/douceesthetique.fr\/index.php\/instants-corps\/","title":{"rendered":"Instants Corps"},"content":{"rendered":"\t\t<div data-elementor-type=\"wp-page\" data-elementor-id=\"45\" class=\"elementor elementor-45\" data-elementor-settings=\"[]\">\n\t\t\t<div class=\"elementor-inner\">\n\t\t\t\t<div class=\"elementor-section-wrap\">\n\t\t\t\t\t\t\t<section class=\"elementor-element elementor-element-755ad6d elementor-section-stretched elementor-section-full_width elementor-section-content-middle elementor-section-height-default elementor-section-height-default elementor-section elementor-top-section\" data-id=\"755ad6d\" data-element_type=\"section\" data-settings=\"{&quot;stretch_section&quot;:&quot;section-stretched&quot;,&quot;background_background&quot;:&quot;classic&quot;}\">\n\t\t\t\t\t\t<div class=\"elementor-container elementor-column-gap-default\">\n\t\t\t\t<div class=\"elementor-row\">\n\t\t\t\t<div class=\"elementor-element elementor-element-f1066d3 elementor-column elementor-col-66 elementor-top-column\" data-id=\"f1066d3\" data-element_type=\"column\">\n\t\t\t<div class=\"elementor-column-wrap  elementor-element-populated\">\n\t\t\t\t\t<div class=\"elementor-widget-wrap\">\n\t\t\t\t<div class=\"elementor-element elementor-element-f4a9b2b elementor-widget elementor-widget-text-editor\" data-id=\"f4a9b2b\" data-element_type=\"widget\" data-widget_type=\"text-editor.default\">\n\t\t\t\t<div class=\"elementor-widget-container\">\n\t\t\t\t\t<div class=\"elementor-text-editor elementor-clearfix\"><p>L&#8217;infinie personnalisation pour transformer chaque massage en une v\u00e9ritable exp\u00e9rience multi-sensorielle<\/p><\/div>\n\t\t\t\t<\/div>\n\t\t\t\t<\/div>\n\t\t\t\t\t\t<\/div>\n\t\t\t<\/div>\n\t\t<\/div>\n\t\t\t\t<div class=\"elementor-element elementor-element-5a69a5b elementor-column elementor-col-33 elementor-top-column\" data-id=\"5a69a5b\" data-element_type=\"column\">\n\t\t\t<div class=\"elementor-column-wrap  elementor-element-populated\">\n\t\t\t\t\t<div class=\"elementor-widget-wrap\">\n\t\t\t\t<div class=\"elementor-element elementor-element-4dd5890 elementor-widget elementor-widget-image\" data-id=\"4dd5890\" data-element_type=\"widget\" data-widget_type=\"image.default\">\n\t\t\t\t<div class=\"elementor-widget-container\">\n\t\t\t\t\t<div class=\"elementor-image\">\n\t\t\t\t\t\t\t\t\t\t<img width=\"300\" height=\"300\" src=\"https:\/\/douceesthetique.fr\/wp-content\/uploads\/2020\/05\/Screenshot_2020-05-02-Huiles-Essentielles-Bio-\u00d4mSens-Boutique-en-Ligne-Huiles-Essentielles-300x300.png\" class=\"attachment-medium size-medium\" alt=\"\" loading=\"lazy\" srcset=\"https:\/\/douceesthetique.fr\/wp-content\/uploads\/2020\/05\/Screenshot_2020-05-02-Huiles-Essentielles-Bio-\u00d4mSens-Boutique-en-Ligne-Huiles-Essentielles-300x300.png 300w, https:\/\/douceesthetique.fr\/wp-content\/uploads\/2020\/05\/Screenshot_2020-05-02-Huiles-Essentielles-Bio-\u00d4mSens-Boutique-en-Ligne-Huiles-Essentielles-150x150.png 150w, https:\/\/douceesthetique.fr\/wp-content\/uploads\/2020\/05\/Screenshot_2020-05-02-Huiles-Essentielles-Bio-\u00d4mSens-Boutique-en-Ligne-Huiles-Essentielles.png 514w\" sizes=\"(max-width: 300px) 100vw, 300px\" \/>\t\t\t\t\t\t\t\t\t\t\t<\/div>\n\t\t\t\t<\/div>\n\t\t\t\t<\/div>\n\t\t\t\t\t\t<\/div>\n\t\t\t<\/div>\n\t\t<\/div>\n\t\t\t\t\t\t<\/div>\n\t\t\t<\/div>\n\t\t<\/section>\n\t\t\t\t<section class=\"elementor-element elementor-element-1aee94b elementor-section-stretched elementor-section-full_width elementor-section-content-top elementor-section-height-min-height elementor-section-items-top elementor-section-height-default elementor-section elementor-top-section\" data-id=\"1aee94b\" data-element_type=\"section\" data-settings=\"{&quot;stretch_section&quot;:&quot;section-stretched&quot;,&quot;background_background&quot;:&quot;classic&quot;}\">\n\t\t\t\t\t\t<div class=\"elementor-container elementor-column-gap-default\">\n\t\t\t\t<div class=\"elementor-row\">\n\t\t\t\t<div class=\"elementor-element elementor-element-3f93b7a elementor-column elementor-col-50 elementor-top-column\" data-id=\"3f93b7a\" data-element_type=\"column\">\n\t\t\t<div class=\"elementor-column-wrap  elementor-element-populated\">\n\t\t\t\t\t<div class=\"elementor-widget-wrap\">\n\t\t\t\t<div class=\"elementor-element elementor-element-d4dd33e elementor-widget elementor-widget-text-editor\" data-id=\"d4dd33e\" data-element_type=\"widget\" data-widget_type=\"text-editor.default\">\n\t\t\t\t<div class=\"elementor-widget-container\">\n\t\t\t\t\t<div class=\"elementor-text-editor elementor-clearfix\"><p><strong>\u00c9pilations cire jetable<\/strong><\/p><p>1\/2 jambes \u00a0 \u00a0 \u00a0 \u00a0 \u00a0 \u00a0 \u00a0 \u00a0 \u00a0 \u00a0 \u00a0 \u00a0 \u00a0 \u00a0 \u00a0 \u00a028\u20ac<\/p><p>3\/4 jambes \u00a0 \u00a0 \u00a0 \u00a0 \u00a0 \u00a0 \u00a0 \u00a0 \u00a0 \u00a0 \u00a0 \u00a0 \u00a0 \u00a0 \u00a0 34\u20ac<\/p><p>Jambes compl\u00e8tes \u00a0 \u00a0 \u00a0 \u00a0 \u00a0 \u00a0 \u00a0 \u00a043\u20ac<\/p><p>Cuisses \u00a0 \u00a0 \u00a0 \u00a0 \u00a0 \u00a0 \u00a0 \u00a0 \u00a0 \u00a0 \u00a0 \u00a0 \u00a0 \u00a0 \u00a0 \u00a0 \u00a0 \u00a0 \u00a0 31\u20ac\u00a0 \u00a0 \u00a0 \u00a0 \u00a0 \u00a0 \u00a0 \u00a0 \u00a0 \u00a0 \u00a0 \u00a0 \u00a0 \u00a0 \u00a0\u00a0<\/p><p>Cuisses arri\u00e8res \u00a0 \u00a0 \u00a0 \u00a0 \u00a0 \u00a0 \u00a0 \u00a0 \u00a0 \u00a0 \u00a0 \u00a019\u20ac<\/p><p>Bras \u00a0 \u00a0 \u00a0 \u00a0 \u00a0 \u00a0 \u00a0 \u00a0 \u00a0 \u00a0 \u00a0 \u00a0 \u00a0 \u00a0 \u00a0 \u00a0 \u00a0 \u00a0 \u00a0 \u00a0 \u00a0 \u00a036\u20ac<\/p><p>Aisselles \u00a0 \u00a0 \u00a0 \u00a0 \u00a0 \u00a0 \u00a0 \u00a0 \u00a0 \u00a0 \u00a0 \u00a0 \u00a0 \u00a0 \u00a0 \u00a0 \u00a0 \u00a020\u20ac<\/p><p>Maillot \u00a0 \u00a0 \u00a0 \u00a0 \u00a0 \u00a0 \u00a0 \u00a0 \u00a0 \u00a0 \u00a0 \u00a0 \u00a0 \u00a0 \u00a0 \u00a0 \u00a0 \u00a0 \u00a0 \u00a025\u20ac\u00a0\u00a0<\/p><p>Maillot 3 c\u00f4t\u00e9s \u00a0 \u00a0 \u00a0 \u00a0 \u00a0 \u00a0 \u00a0 \u00a0 \u00a0 \u00a0 \u00a0 \u00a0 \u00a031\u20ac<\/p><p>Maillot Br\u00e9silien \u00a0 \u00a0 \u00a0 \u00a0 \u00a0 \u00a0 \u00a0 \u00a0 \u00a0 \u00a0 \u00a042\u20ac<\/p><p>Maillot int\u00e9gral \u00a0 \u00a0 \u00a0 \u00a0 \u00a0 \u00a0 \u00a0 \u00a0 \u00a0 \u00a0 \u00a0 48\u20ac<\/p><p>Sourcils \u00a0 \u00a0 \u00a0 \u00a0 \u00a0 \u00a0 \u00a0 \u00a0 \u00a0 \u00a0 \u00a0 \u00a0 \u00a0 \u00a0 \u00a0 \u00a0 \u00a0 \u00a0 \u00a015\u20ac<\/p><p>Menton \u00a0 \u00a0 \u00a0 \u00a0 \u00a0 \u00a0 \u00a0 \u00a0 \u00a0 \u00a0 \u00a0 \u00a0 \u00a0 \u00a0 \u00a0 \u00a0 \u00a0 \u00a0 24\u20ac<\/p><p>Visage sans menton \u00a0 \u00a0 \u00a0 \u00a0 \u00a0 \u00a0 \u00a032\u20ac<\/p><p>L\u00e8vres \u00a0 \u00a0 \u00a0 \u00a0 \u00a0 \u00a0 \u00a0 \u00a0 \u00a0 \u00a0 \u00a0 \u00a0 \u00a0 \u00a0 \u00a0 \u00a0 \u00a0 \u00a0 \u00a0 \u00a0 16\u20ac<\/p><p><span style=\"font-size: 27px;\">\u00a0 \u00a0 \u00a0 \u00a0 \u00a0 \u00a0 \u00a0 \u00a0 \u00a0 \u00a0 \u00a0 \u00a0 \u00a0<\/span><\/p><\/div>\n\t\t\t\t<\/div>\n\t\t\t\t<\/div>\n\t\t\t\t\t\t<\/div>\n\t\t\t<\/div>\n\t\t<\/div>\n\t\t\t\t<div class=\"elementor-element elementor-element-8b4f153 elementor-column elementor-col-50 elementor-top-column\" data-id=\"8b4f153\" data-element_type=\"column\">\n\t\t\t<div class=\"elementor-column-wrap  elementor-element-populated\">\n\t\t\t\t\t<div class=\"elementor-widget-wrap\">\n\t\t\t\t<div class=\"elementor-element elementor-element-b4cd2dc elementor-absolute elementor-widget elementor-widget-text-editor\" data-id=\"b4cd2dc\" data-element_type=\"widget\" data-settings=\"{&quot;_position&quot;:&quot;absolute&quot;}\" data-widget_type=\"text-editor.default\">\n\t\t\t\t<div class=\"elementor-widget-container\">\n\t\t\t\t\t<div class=\"elementor-text-editor elementor-clearfix\"><p><strong>D\u00e9coloration<\/strong><\/p><p>D\u00e9coloration bras\u00a0 \u00a0 \u00a0 \u00a0 \u00a0 \u00a0 \u00a0 \u00a0 \u00a0 \u00a0 \u00a0 25\u20ac<\/p><p><strong>Beaut\u00e9 des mains et des pieds<\/strong><\/p><p><em>Faite \u00e0 l&#8217;ancienne, <br \/>pas de semi-permanent<\/em><\/p><p>Laque classique uniquement<\/p><p>Manucure compl\u00e8te \u00a0 \u00a0 \u00a0 \u00a0 \u00a0 \u00a0 \u00a0 \u00a0 34\u20ac<\/p><p>Beaut\u00e9 des pieds \u00a0 \u00a0 \u00a0 \u00a0 \u00a0 \u00a0 \u00a0 \u00a0 \u00a0 \u00a0 \u00a0 45\u20ac<\/p><p>Pose de vernis \u00a0 \u00a0 \u00a0 \u00a0 \u00a0 \u00a0 \u00a0 \u00a0 \u00a0 \u00a0 \u00a0 \u00a0 \u00a0 \u00a0 \u00a019\u20ac<\/p><div>\u00a0<\/div><div><strong>Soins du corps<\/strong><\/div><div>Gommage corps sel ou sucre 1h<\/div><div>Soin du dos\u00a0 (facias esthetique)<\/div><div>\u00a0<\/div><\/div>\n\t\t\t\t<\/div>\n\t\t\t\t<\/div>\n\t\t\t\t\t\t<\/div>\n\t\t\t<\/div>\n\t\t<\/div>\n\t\t\t\t\t\t<\/div>\n\t\t\t<\/div>\n\t\t<\/section>\n\t\t\t\t<section class=\"elementor-element elementor-element-a6a96be elementor-section-stretched elementor-section-full_width elementor-section-height-min-height elementor-section-items-top elementor-section-height-default elementor-section elementor-top-section\" data-id=\"a6a96be\" data-element_type=\"section\" data-settings=\"{&quot;stretch_section&quot;:&quot;section-stretched&quot;,&quot;background_background&quot;:&quot;classic&quot;}\">\n\t\t\t\t\t\t<div class=\"elementor-container elementor-column-gap-default\">\n\t\t\t\t<div class=\"elementor-row\">\n\t\t\t\t<div class=\"elementor-element elementor-element-9d46131 elementor-column elementor-col-100 elementor-top-column\" data-id=\"9d46131\" data-element_type=\"column\">\n\t\t\t<div class=\"elementor-column-wrap  elementor-element-populated\">\n\t\t\t\t\t<div class=\"elementor-widget-wrap\">\n\t\t\t\t<section class=\"elementor-element elementor-element-ef4c7fc elementor-section-full_width elementor-section-height-default elementor-section-height-default elementor-section elementor-inner-section\" data-id=\"ef4c7fc\" data-element_type=\"section\">\n\t\t\t\t\t\t<div class=\"elementor-container elementor-column-gap-default\">\n\t\t\t\t<div class=\"elementor-row\">\n\t\t\t\t<div class=\"elementor-element elementor-element-bda859a elementor-column elementor-col-50 elementor-inner-column\" data-id=\"bda859a\" data-element_type=\"column\">\n\t\t\t<div class=\"elementor-column-wrap  elementor-element-populated\">\n\t\t\t\t\t<div class=\"elementor-widget-wrap\">\n\t\t\t\t<div class=\"elementor-element elementor-element-907f04a elementor-widget elementor-widget-text-editor\" data-id=\"907f04a\" data-element_type=\"widget\" data-widget_type=\"text-editor.default\">\n\t\t\t\t<div class=\"elementor-widget-container\">\n\t\t\t\t\t<div class=\"elementor-text-editor elementor-clearfix\"><p><strong>Massages<\/strong><\/p><p>en partenariat avec <br \/><span style=\"color: #ff9900;\"><em>Thomas \u2022 Masseur<\/em><\/span><\/p><div style=\"caret-color: #000000; color: #000000; font-style: normal;\">\u00a0<\/div><div style=\"caret-color: #000000; color: #000000; font-style: normal;\">\u00a0<\/div><\/div>\n\t\t\t\t<\/div>\n\t\t\t\t<\/div>\n\t\t\t\t\t\t<\/div>\n\t\t\t<\/div>\n\t\t<\/div>\n\t\t\t\t<div class=\"elementor-element elementor-element-ab99ff4 elementor-column elementor-col-50 elementor-inner-column\" data-id=\"ab99ff4\" data-element_type=\"column\">\n\t\t\t<div class=\"elementor-column-wrap  elementor-element-populated\">\n\t\t\t\t\t<div class=\"elementor-widget-wrap\">\n\t\t\t\t<div class=\"elementor-element elementor-element-e9d28df elementor-widget elementor-widget-text-editor\" data-id=\"e9d28df\" data-element_type=\"widget\" data-widget_type=\"text-editor.default\">\n\t\t\t\t<div class=\"elementor-widget-container\">\n\t\t\t\t\t<div class=\"elementor-text-editor elementor-clearfix\"><p style=\"caret-color: #000000; color: #000000; font-style: normal;\">Massage relaxant<\/p><p style=\"caret-color: #000000; color: #000000; font-style: normal;\">Massage d\u00e9tox<\/p><p style=\"caret-color: #000000; color: #000000; font-style: normal;\">R\u00e9cup\u00e9ration musculaire<em>\u00a0(sportif)<\/em><\/p><p style=\"caret-color: #000000; color: #000000; font-style: normal;\">Fatigue musculaire<em>\u00a0(sportif)<\/em>\u00a0\u00a0 \u00a0 85\u20ac\/h<\/p><\/div>\n\t\t\t\t<\/div>\n\t\t\t\t<\/div>\n\t\t\t\t\t\t<\/div>\n\t\t\t<\/div>\n\t\t<\/div>\n\t\t\t\t\t\t<\/div>\n\t\t\t<\/div>\n\t\t<\/section>\n\t\t\t\t\t\t<\/div>\n\t\t\t<\/div>\n\t\t<\/div>\n\t\t\t\t\t\t<\/div>\n\t\t\t<\/div>\n\t\t<\/section>\n\t\t\t\t\t\t<\/div>\n\t\t\t<\/div>\n\t\t<\/div>\n\t\t","protected":false},"excerpt":{"rendered":"<p>L&#8217;infinie personnalisation pour transformer chaque massage en une v\u00e9ritable exp\u00e9rience multi-sensorielle \u00c9pilations cire jetable 1\/2 jambes \u00a0 \u00a0 \u00a0 \u00a0 \u00a0 \u00a0 \u00a0 \u00a0 \u00a0 \u00a0 \u00a0 \u00a0 \u00a0 \u00a0 \u00a0 \u00a028\u20ac 3\/4 jambes \u00a0 \u00a0 \u00a0 \u00a0 \u00a0 \u00a0 \u00a0 \u00a0 \u00a0 \u00a0 \u00a0 \u00a0 \u00a0 \u00a0 \u00a0 34\u20ac Jambes compl\u00e8tes \u00a0 \u00a0 \u00a0&hellip; <\/p>\n","protected":false},"author":1,"featured_media":0,"parent":0,"menu_order":0,"comment_status":"closed","ping_status":"closed","template":"","meta":[],"yoast_head":"<!-- This site is optimized with the Yoast SEO plugin v14.1 - https:\/\/yoast.com\/wordpress\/plugins\/seo\/ -->\n<title>Instants Corps - Douce Esth\u00e9tique<\/title>\n<meta name=\"robots\" content=\"index, follow\" \/>\n<meta name=\"googlebot\" content=\"index, follow, max-snippet:-1, max-image-preview:large, max-video-preview:-1\" \/>\n<meta name=\"bingbot\" content=\"index, follow, max-snippet:-1, max-image-preview:large, max-video-preview:-1\" \/>\n<link rel=\"canonical\" href=\"http:\/\/douceesthetique.fr\/index.php\/instants-corps\/\" \/>\n<meta property=\"og:locale\" content=\"en_US\" \/>\n<meta property=\"og:type\" content=\"article\" \/>\n<meta property=\"og:title\" content=\"Instants Corps - Douce Esth\u00e9tique\" \/>\n<meta property=\"og:description\" content=\"L&#8217;infinie personnalisation pour transformer chaque massage en une v\u00e9ritable exp\u00e9rience multi-sensorielle \u00c9pilations cire jetable 1\/2 jambes \u00a0 \u00a0 \u00a0 \u00a0 \u00a0 \u00a0 \u00a0 \u00a0 \u00a0 \u00a0 \u00a0 \u00a0 \u00a0 \u00a0 \u00a0 \u00a028\u20ac 3\/4 jambes \u00a0 \u00a0 \u00a0 \u00a0 \u00a0 \u00a0 \u00a0 \u00a0 \u00a0 \u00a0 \u00a0 \u00a0 \u00a0 \u00a0 \u00a0 34\u20ac Jambes compl\u00e8tes \u00a0 \u00a0 \u00a0&hellip;\" \/>\n<meta property=\"og:url\" content=\"http:\/\/douceesthetique.fr\/index.php\/instants-corps\/\" \/>\n<meta property=\"og:site_name\" content=\"Douce Esth\u00e9tique\" \/>\n<meta property=\"article:modified_time\" content=\"2020-05-10T23:17:39+00:00\" \/>\n<meta property=\"og:image\" content=\"http:\/\/douceesthetique.fr\/wp-content\/uploads\/2020\/05\/Screenshot_2020-05-02-Huiles-Essentielles-Bio-\u00d4mSens-Boutique-en-Ligne-Huiles-Essentielles-300x300.png\" \/>\n<meta name=\"twitter:card\" content=\"summary_large_image\" \/>\n<script type=\"application\/ld+json\" class=\"yoast-schema-graph\">{\"@context\":\"https:\/\/schema.org\",\"@graph\":[{\"@type\":\"WebSite\",\"@id\":\"https:\/\/douceesthetique.fr\/#website\",\"url\":\"https:\/\/douceesthetique.fr\/\",\"name\":\"douceesth\\u00e9tique\",\"description\":\"INSTITUT DE BEAUT\\u00c9\",\"potentialAction\":[{\"@type\":\"SearchAction\",\"target\":\"https:\/\/douceesthetique.fr\/?s={search_term_string}\",\"query-input\":\"required name=search_term_string\"}],\"inLanguage\":\"en-US\"},{\"@type\":\"ImageObject\",\"@id\":\"http:\/\/douceesthetique.fr\/index.php\/instants-corps\/#primaryimage\",\"inLanguage\":\"en-US\",\"url\":\"http:\/\/douceesthetique.fr\/wp-content\/uploads\/2020\/05\/Screenshot_2020-05-02-Huiles-Essentielles-Bio-\\u00d4mSens-Boutique-en-Ligne-Huiles-Essentielles-300x300.png\"},{\"@type\":\"WebPage\",\"@id\":\"http:\/\/douceesthetique.fr\/index.php\/instants-corps\/#webpage\",\"url\":\"http:\/\/douceesthetique.fr\/index.php\/instants-corps\/\",\"name\":\"Instants Corps - Douce Esth\\u00e9tique\",\"isPartOf\":{\"@id\":\"https:\/\/douceesthetique.fr\/#website\"},\"primaryImageOfPage\":{\"@id\":\"http:\/\/douceesthetique.fr\/index.php\/instants-corps\/#primaryimage\"},\"datePublished\":\"2020-04-24T12:37:04+00:00\",\"dateModified\":\"2020-05-10T23:17:39+00:00\",\"inLanguage\":\"en-US\",\"potentialAction\":[{\"@type\":\"ReadAction\",\"target\":[\"http:\/\/douceesthetique.fr\/index.php\/instants-corps\/\"]}]}]}<\/script>\n<!-- \/ Yoast SEO plugin. -->","_links":{"self":[{"href":"https:\/\/douceesthetique.fr\/index.php\/wp-json\/wp\/v2\/pages\/45"}],"collection":[{"href":"https:\/\/douceesthetique.fr\/index.php\/wp-json\/wp\/v2\/pages"}],"about":[{"href":"https:\/\/douceesthetique.fr\/index.php\/wp-json\/wp\/v2\/types\/page"}],"author":[{"embeddable":true,"href":"https:\/\/douceesthetique.fr\/index.php\/wp-json\/wp\/v2\/users\/1"}],"replies":[{"embeddable":true,"href":"https:\/\/douceesthetique.fr\/index.php\/wp-json\/wp\/v2\/comments?post=45"}],"version-history":[{"count":43,"href":"https:\/\/douceesthetique.fr\/index.php\/wp-json\/wp\/v2\/pages\/45\/revisions"}],"predecessor-version":[{"id":813,"href":"https:\/\/douceesthetique.fr\/index.php\/wp-json\/wp\/v2\/pages\/45\/revisions\/813"}],"wp:attachment":[{"href":"https:\/\/douceesthetique.fr\/index.php\/wp-json\/wp\/v2\/media?parent=45"}],"curies":[{"name":"wp","href":"https:\/\/api.w.org\/{rel}","templated":true}]}}