{"id":46,"date":"2020-04-24T14:37:04","date_gmt":"2020-04-24T12:37:04","guid":{"rendered":"http:\/\/douceesthetique.fr\/?page_id=46"},"modified":"2020-05-11T13:23:12","modified_gmt":"2020-05-11T11:23:12","slug":"instants-beaute","status":"publish","type":"page","link":"https:\/\/douceesthetique.fr\/index.php\/instants-beaute\/","title":{"rendered":"Instants Visage"},"content":{"rendered":"\t\t<div data-elementor-type=\"wp-page\" data-elementor-id=\"46\" class=\"elementor elementor-46\" data-elementor-settings=\"[]\">\n\t\t\t<div class=\"elementor-inner\">\n\t\t\t\t<div class=\"elementor-section-wrap\">\n\t\t\t\t\t\t\t<section class=\"elementor-element elementor-element-8446fa4 elementor-section-full_width elementor-section-stretched elementor-section-height-min-height elementor-section-items-top elementor-section-height-default elementor-section elementor-top-section\" data-id=\"8446fa4\" data-element_type=\"section\" data-settings=\"{&quot;stretch_section&quot;:&quot;section-stretched&quot;,&quot;background_background&quot;:&quot;classic&quot;}\">\n\t\t\t\t\t\t<div class=\"elementor-container elementor-column-gap-default\">\n\t\t\t\t<div class=\"elementor-row\">\n\t\t\t\t<div class=\"elementor-element elementor-element-5b74d95 elementor-column elementor-col-100 elementor-top-column\" data-id=\"5b74d95\" data-element_type=\"column\" data-settings=\"{&quot;background_background&quot;:&quot;classic&quot;}\">\n\t\t\t<div class=\"elementor-column-wrap  elementor-element-populated\">\n\t\t\t\t\t<div class=\"elementor-widget-wrap\">\n\t\t\t\t<div class=\"elementor-element elementor-element-2a2dcb2 elementor-widget__width-initial elementor-widget elementor-widget-text-editor\" data-id=\"2a2dcb2\" data-element_type=\"widget\" data-widget_type=\"text-editor.default\">\n\t\t\t\t<div class=\"elementor-widget-container\">\n\t\t\t\t\t<div class=\"elementor-text-editor elementor-clearfix\"><p>Alliance parfaite entre exigence cosm\u00e9tique, art du geste et techniques instrumentales, les soins professionnels chez Douce Esth\u00e9tique permettent de sublimer chaque femme, \u00a0pour une peau rayonnante de beaut\u00e9 \u00e0 tout \u00e2ge.<\/p><\/div>\n\t\t\t\t<\/div>\n\t\t\t\t<\/div>\n\t\t\t\t\t\t<\/div>\n\t\t\t<\/div>\n\t\t<\/div>\n\t\t\t\t\t\t<\/div>\n\t\t\t<\/div>\n\t\t<\/section>\n\t\t\t\t<section class=\"elementor-element elementor-element-677c459 elementor-section-stretched elementor-section-full_width elementor-section-height-default elementor-section-height-default elementor-section elementor-top-section\" data-id=\"677c459\" data-element_type=\"section\" data-settings=\"{&quot;stretch_section&quot;:&quot;section-stretched&quot;,&quot;background_background&quot;:&quot;classic&quot;}\">\n\t\t\t\t\t\t<div class=\"elementor-container elementor-column-gap-extended\">\n\t\t\t\t<div class=\"elementor-row\">\n\t\t\t\t<div class=\"elementor-element elementor-element-338826c elementor-column elementor-col-50 elementor-top-column\" data-id=\"338826c\" data-element_type=\"column\">\n\t\t\t<div class=\"elementor-column-wrap  elementor-element-populated\">\n\t\t\t\t\t<div class=\"elementor-widget-wrap\">\n\t\t\t\t<div class=\"elementor-element elementor-element-3047423 elementor-widget elementor-widget-text-editor\" data-id=\"3047423\" data-element_type=\"widget\" data-widget_type=\"text-editor.default\">\n\t\t\t\t<div class=\"elementor-widget-container\">\n\t\t\t\t\t<div class=\"elementor-text-editor elementor-clearfix\"><p><strong>Les soins Yonka Confort &amp; Vitalit\u00e9<br \/><\/strong><em>\u00e0 partir de 85\u20ac<\/em><\/p><p>\u00a0<\/p><p>\u00a0<\/p><p>Nettoyage de peau<\/p><p>Hydralescence<\/p><p>Alpha Vital<\/p><p>Soin Puret\u00e9<\/p><p>\u00a0<\/p><p><b>\u00a0<\/b><\/p><p><b>Teinture\u00a0<\/b><\/p><p>Teinture de cils \u00a0 \u00a0 \u00a0 \u00a0 \u00a0 \u00a0 \u00a0 \u00a0 \u00a0 \u00a0 \u00a0 \u00a0 \u00a0 \u00a0 \u00a027\u20ac<\/p><p>Teinture de sourcils \u00a0 \u00a0 \u00a0 \u00a0 \u00a0 \u00a0 \u00a0 \u00a0 \u00a0 \u00a0 20\u20ac<\/p><p>\u00a0<\/p><p><b>\u00a0<\/b><\/p><p><b>Maquillage<\/b><\/p><p>Maquillage \/ Mise en beaut\u00e9\u00a0 \u00a0 \u00a032\u20ac<\/p><\/div>\n\t\t\t\t<\/div>\n\t\t\t\t<\/div>\n\t\t\t\t\t\t<\/div>\n\t\t\t<\/div>\n\t\t<\/div>\n\t\t\t\t<div class=\"elementor-element elementor-element-2e96668 elementor-column elementor-col-50 elementor-top-column\" data-id=\"2e96668\" data-element_type=\"column\">\n\t\t\t<div class=\"elementor-column-wrap  elementor-element-populated\">\n\t\t\t\t\t<div class=\"elementor-widget-wrap\">\n\t\t\t\t<div class=\"elementor-element elementor-element-53755ea elementor-widget elementor-widget-text-editor\" data-id=\"53755ea\" data-element_type=\"widget\" data-widget_type=\"text-editor.default\">\n\t\t\t\t<div class=\"elementor-widget-container\">\n\t\t\t\t\t<div class=\"elementor-text-editor elementor-clearfix\"><p><b>Les soins Yonka Excellence<\/b><\/p><p><i>\u00e0\u00a0 partir de 95\u20ac<\/i><\/p><p>\u00a0<\/p><p>\u00a0<\/p><p>Le Grand Classique<\/p><p>Optimiser<\/p><p>Vital D\u00e9fense<\/p><p>Soin Puret\u00e9<\/p><p>\u00a0<\/p><p>\u00a0<\/p><p><b>Les modelages Experts Visage<\/b><\/p><p><i>\u00e0 \u00a0partir de 95\u20ac<\/i><\/p><p>\u00a0<\/p><p>\u00a0<\/p><p>Modelage japonais du visage<\/p><p>Soin Facia-esth\u00e9tique<\/p><\/div>\n\t\t\t\t<\/div>\n\t\t\t\t<\/div>\n\t\t\t\t\t\t<\/div>\n\t\t\t<\/div>\n\t\t<\/div>\n\t\t\t\t\t\t<\/div>\n\t\t\t<\/div>\n\t\t<\/section>\n\t\t\t\t<section class=\"elementor-element elementor-element-1267295 elementor-section-stretched elementor-section-boxed elementor-section-height-default elementor-section-height-default elementor-section elementor-top-section\" data-id=\"1267295\" data-element_type=\"section\" data-settings=\"{&quot;stretch_section&quot;:&quot;section-stretched&quot;,&quot;background_background&quot;:&quot;classic&quot;}\">\n\t\t\t\t\t\t<div class=\"elementor-container elementor-column-gap-extended\">\n\t\t\t\t<div class=\"elementor-row\">\n\t\t\t\t<div class=\"elementor-element elementor-element-0a19a0b elementor-column elementor-col-100 elementor-top-column\" data-id=\"0a19a0b\" data-element_type=\"column\">\n\t\t\t<div class=\"elementor-column-wrap  elementor-element-populated\">\n\t\t\t\t\t<div class=\"elementor-widget-wrap\">\n\t\t\t\t<div class=\"elementor-element elementor-element-2144907 elementor-widget elementor-widget-text-editor\" data-id=\"2144907\" data-element_type=\"widget\" data-widget_type=\"text-editor.default\">\n\t\t\t\t<div class=\"elementor-widget-container\">\n\t\t\t\t\t<div class=\"elementor-text-editor elementor-clearfix\"><p>Dur\u00e9e des soins : 1h15 \u00e0 1h30 \u00a0 \u00a0 \u00a0| \u00a0 \u00a0 -15% pour les \u00e9tudiants<\/p><\/div>\n\t\t\t\t<\/div>\n\t\t\t\t<\/div>\n\t\t\t\t\t\t<\/div>\n\t\t\t<\/div>\n\t\t<\/div>\n\t\t\t\t\t\t<\/div>\n\t\t\t<\/div>\n\t\t<\/section>\n\t\t\t\t<section class=\"elementor-element elementor-element-7b2fcaf elementor-section-stretched elementor-section-full_width elementor-section-height-min-height elementor-section-height-default elementor-section-items-middle elementor-section elementor-top-section\" data-id=\"7b2fcaf\" data-element_type=\"section\" data-settings=\"{&quot;stretch_section&quot;:&quot;section-stretched&quot;,&quot;background_background&quot;:&quot;classic&quot;}\">\n\t\t\t\t\t\t<div class=\"elementor-container elementor-column-gap-extended\">\n\t\t\t\t<div class=\"elementor-row\">\n\t\t\t\t<div class=\"elementor-element elementor-element-92fd01f elementor-column elementor-col-50 elementor-top-column\" data-id=\"92fd01f\" data-element_type=\"column\">\n\t\t\t<div class=\"elementor-column-wrap  elementor-element-populated\">\n\t\t\t\t\t<div class=\"elementor-widget-wrap\">\n\t\t\t\t<div class=\"elementor-element elementor-element-83189f1 elementor-widget__width-inherit elementor-absolute elementor-widget elementor-widget-image\" data-id=\"83189f1\" data-element_type=\"widget\" data-settings=\"{&quot;_position&quot;:&quot;absolute&quot;}\" data-widget_type=\"image.default\">\n\t\t\t\t<div class=\"elementor-widget-container\">\n\t\t\t\t\t<div class=\"elementor-image\">\n\t\t\t\t\t\t\t\t\t\t<img width=\"150\" height=\"150\" src=\"https:\/\/douceesthetique.fr\/wp-content\/uploads\/2020\/05\/YONKA_WHITE150-150x150.png\" class=\"attachment-thumbnail size-thumbnail\" alt=\"\" loading=\"lazy\" \/>\t\t\t\t\t\t\t\t\t\t\t<\/div>\n\t\t\t\t<\/div>\n\t\t\t\t<\/div>\n\t\t\t\t<div class=\"elementor-element elementor-element-a8a9835 elementor-widget elementor-widget-text-editor\" data-id=\"a8a9835\" data-element_type=\"widget\" data-widget_type=\"text-editor.default\">\n\t\t\t\t<div class=\"elementor-widget-container\">\n\t\t\t\t\t<div class=\"elementor-text-editor elementor-clearfix\"><p>Retrouvez les produits Yonka<\/p><p>dans l&#8217;espace boutique&nbsp;<\/p><p>de l&#8217;institut Douce Esth\u00e9tique !<\/p><\/div>\n\t\t\t\t<\/div>\n\t\t\t\t<\/div>\n\t\t\t\t\t\t<\/div>\n\t\t\t<\/div>\n\t\t<\/div>\n\t\t\t\t<div class=\"elementor-element elementor-element-909faaf elementor-column elementor-col-50 elementor-top-column\" data-id=\"909faaf\" data-element_type=\"column\">\n\t\t\t<div class=\"elementor-column-wrap  elementor-element-populated\">\n\t\t\t\t\t<div class=\"elementor-widget-wrap\">\n\t\t\t\t<div class=\"elementor-element elementor-element-3b7ddc0 elementor-widget elementor-widget-text-editor\" data-id=\"3b7ddc0\" data-element_type=\"widget\" data-widget_type=\"text-editor.default\">\n\t\t\t\t<div class=\"elementor-widget-container\">\n\t\t\t\t\t<div class=\"elementor-text-editor elementor-clearfix\"><p>L&#8217;\u00e9coute de l&#8217;autre est \u00e9galement essentielle, c&#8217;est pourquoi chez Douce Esth\u00e9tique, chaque soin professionnel est personnalisable en fonction du type de peau, de l&#8217;objectif beaut\u00e9 recherch\u00e9 ou de l&#8217;\u00e9tat d&#8217;esprit du moment.<\/p><p>\u00a0<\/p><p>Les produits Yonka sont fabriqu\u00e9s en France et ne sont pas test\u00e9s sur les animaux. Ils ne contiennent pas de parabens, sels d\u2019aluminium, SLS, MIT ou Triclosan. Les extraits de plantes utilis\u00e9s proviennent de ressources renouvelables et sont autant que possible d\u2019origine biologique, lorsqu\u2019ils r\u00e9pondent aux exigences de qualit\u00e9 et d\u2019efficacit\u00e9 de la marque.<\/p><\/div>\n\t\t\t\t<\/div>\n\t\t\t\t<\/div>\n\t\t\t\t\t\t<\/div>\n\t\t\t<\/div>\n\t\t<\/div>\n\t\t\t\t\t\t<\/div>\n\t\t\t<\/div>\n\t\t<\/section>\n\t\t\t\t\t\t<\/div>\n\t\t\t<\/div>\n\t\t<\/div>\n\t\t","protected":false},"excerpt":{"rendered":"<p>Alliance parfaite entre exigence cosm\u00e9tique, art du geste et techniques instrumentales, les soins professionnels chez Douce Esth\u00e9tique permettent de sublimer chaque femme, \u00a0pour une peau rayonnante de beaut\u00e9 \u00e0 tout \u00e2ge. Les soins Yonka Confort &amp; Vitalit\u00e9\u00e0 partir de 85\u20ac \u00a0 \u00a0 Nettoyage de peau Hydralescence Alpha Vital Soin Puret\u00e9 \u00a0 \u00a0 Teinture\u00a0 Teinture de&hellip; <\/p>\n","protected":false},"author":1,"featured_media":0,"parent":0,"menu_order":0,"comment_status":"closed","ping_status":"closed","template":"elementor_header_footer","meta":[],"yoast_head":"<!-- This site is optimized with the Yoast SEO plugin v14.1 - https:\/\/yoast.com\/wordpress\/plugins\/seo\/ -->\n<title>Instants Visage - Douce Esth\u00e9tique<\/title>\n<meta name=\"robots\" content=\"index, follow\" \/>\n<meta name=\"googlebot\" content=\"index, follow, max-snippet:-1, max-image-preview:large, max-video-preview:-1\" \/>\n<meta name=\"bingbot\" content=\"index, follow, max-snippet:-1, max-image-preview:large, max-video-preview:-1\" \/>\n<link rel=\"canonical\" href=\"http:\/\/douceesthetique.fr\/index.php\/instants-beaute\/\" \/>\n<meta property=\"og:locale\" content=\"en_US\" \/>\n<meta property=\"og:type\" content=\"article\" \/>\n<meta property=\"og:title\" content=\"Instants Visage - Douce Esth\u00e9tique\" \/>\n<meta property=\"og:description\" content=\"Alliance parfaite entre exigence cosm\u00e9tique, art du geste et techniques instrumentales, les soins professionnels chez Douce Esth\u00e9tique permettent de sublimer chaque femme, \u00a0pour une peau rayonnante de beaut\u00e9 \u00e0 tout \u00e2ge. Les soins Yonka Confort &amp; Vitalit\u00e9\u00e0 partir de 85\u20ac \u00a0 \u00a0 Nettoyage de peau Hydralescence Alpha Vital Soin Puret\u00e9 \u00a0 \u00a0 Teinture\u00a0 Teinture de&hellip;\" \/>\n<meta property=\"og:url\" content=\"http:\/\/douceesthetique.fr\/index.php\/instants-beaute\/\" \/>\n<meta property=\"og:site_name\" content=\"Douce Esth\u00e9tique\" \/>\n<meta property=\"article:modified_time\" content=\"2020-05-11T11:23:12+00:00\" \/>\n<meta property=\"og:image\" content=\"http:\/\/douceesthetique.fr\/wp-content\/uploads\/2020\/05\/YONKA_WHITE150-150x150.png\" \/>\n<meta name=\"twitter:card\" content=\"summary_large_image\" \/>\n<script type=\"application\/ld+json\" class=\"yoast-schema-graph\">{\"@context\":\"https:\/\/schema.org\",\"@graph\":[{\"@type\":\"WebSite\",\"@id\":\"https:\/\/douceesthetique.fr\/#website\",\"url\":\"https:\/\/douceesthetique.fr\/\",\"name\":\"douceesth\\u00e9tique\",\"description\":\"INSTITUT DE BEAUT\\u00c9\",\"potentialAction\":[{\"@type\":\"SearchAction\",\"target\":\"https:\/\/douceesthetique.fr\/?s={search_term_string}\",\"query-input\":\"required name=search_term_string\"}],\"inLanguage\":\"en-US\"},{\"@type\":\"ImageObject\",\"@id\":\"http:\/\/douceesthetique.fr\/index.php\/instants-beaute\/#primaryimage\",\"inLanguage\":\"en-US\",\"url\":\"http:\/\/douceesthetique.fr\/wp-content\/uploads\/2020\/05\/YONKA_WHITE150-150x150.png\"},{\"@type\":\"WebPage\",\"@id\":\"http:\/\/douceesthetique.fr\/index.php\/instants-beaute\/#webpage\",\"url\":\"http:\/\/douceesthetique.fr\/index.php\/instants-beaute\/\",\"name\":\"Instants Visage - Douce Esth\\u00e9tique\",\"isPartOf\":{\"@id\":\"https:\/\/douceesthetique.fr\/#website\"},\"primaryImageOfPage\":{\"@id\":\"http:\/\/douceesthetique.fr\/index.php\/instants-beaute\/#primaryimage\"},\"datePublished\":\"2020-04-24T12:37:04+00:00\",\"dateModified\":\"2020-05-11T11:23:12+00:00\",\"inLanguage\":\"en-US\",\"potentialAction\":[{\"@type\":\"ReadAction\",\"target\":[\"http:\/\/douceesthetique.fr\/index.php\/instants-beaute\/\"]}]}]}<\/script>\n<!-- \/ Yoast SEO plugin. -->","_links":{"self":[{"href":"https:\/\/douceesthetique.fr\/index.php\/wp-json\/wp\/v2\/pages\/46"}],"collection":[{"href":"https:\/\/douceesthetique.fr\/index.php\/wp-json\/wp\/v2\/pages"}],"about":[{"href":"https:\/\/douceesthetique.fr\/index.php\/wp-json\/wp\/v2\/types\/page"}],"author":[{"embeddable":true,"href":"https:\/\/douceesthetique.fr\/index.php\/wp-json\/wp\/v2\/users\/1"}],"replies":[{"embeddable":true,"href":"https:\/\/douceesthetique.fr\/index.php\/wp-json\/wp\/v2\/comments?post=46"}],"version-history":[{"count":96,"href":"https:\/\/douceesthetique.fr\/index.php\/wp-json\/wp\/v2\/pages\/46\/revisions"}],"predecessor-version":[{"id":879,"href":"https:\/\/douceesthetique.fr\/index.php\/wp-json\/wp\/v2\/pages\/46\/revisions\/879"}],"wp:attachment":[{"href":"https:\/\/douceesthetique.fr\/index.php\/wp-json\/wp\/v2\/media?parent=46"}],"curies":[{"name":"wp","href":"https:\/\/api.w.org\/{rel}","templated":true}]}}