{"id":48,"date":"2020-04-24T14:37:04","date_gmt":"2020-04-24T12:37:04","guid":{"rendered":"http:\/\/douceesthetique.fr\/?page_id=48"},"modified":"2020-05-11T01:41:54","modified_gmt":"2020-05-10T23:41:54","slug":"contact","status":"publish","type":"page","link":"https:\/\/douceesthetique.fr\/index.php\/contact\/","title":{"rendered":"CONTACT"},"content":{"rendered":"\t\t<div data-elementor-type=\"wp-page\" data-elementor-id=\"48\" class=\"elementor elementor-48\" data-elementor-settings=\"[]\">\n\t\t\t<div class=\"elementor-inner\">\n\t\t\t\t<div class=\"elementor-section-wrap\">\n\t\t\t\t\t\t\t<section class=\"elementor-element elementor-element-aa0d62f elementor-section-stretched elementor-section-boxed elementor-section-height-default elementor-section-height-default elementor-section elementor-top-section\" data-id=\"aa0d62f\" data-element_type=\"section\" data-settings=\"{&quot;stretch_section&quot;:&quot;section-stretched&quot;,&quot;background_background&quot;:&quot;classic&quot;}\">\n\t\t\t\t\t\t<div class=\"elementor-container elementor-column-gap-default\">\n\t\t\t\t<div class=\"elementor-row\">\n\t\t\t\t<div class=\"elementor-element elementor-element-2106da2 elementor-column elementor-col-33 elementor-top-column\" data-id=\"2106da2\" data-element_type=\"column\">\n\t\t\t<div class=\"elementor-column-wrap  elementor-element-populated\">\n\t\t\t\t\t<div class=\"elementor-widget-wrap\">\n\t\t\t\t\t\t<\/div>\n\t\t\t<\/div>\n\t\t<\/div>\n\t\t\t\t<div class=\"elementor-element elementor-element-a917691 elementor-column elementor-col-33 elementor-top-column\" data-id=\"a917691\" data-element_type=\"column\">\n\t\t\t<div class=\"elementor-column-wrap  elementor-element-populated\">\n\t\t\t\t\t<div class=\"elementor-widget-wrap\">\n\t\t\t\t<div class=\"elementor-element elementor-element-8b821f9 elementor-widget elementor-widget-text-editor\" data-id=\"8b821f9\" data-element_type=\"widget\" data-widget_type=\"text-editor.default\">\n\t\t\t\t<div class=\"elementor-widget-container\">\n\t\t\t\t\t<div class=\"elementor-text-editor elementor-clearfix\"><p><strong>Douce Esth\u00e9tique<\/strong><\/p><p>1, rue Campagne Premi\u00e8re<\/p><p>75014 PARIS<\/p><p>\u00a0<\/p><p><span style=\"color: #808000;\"><em>M\u00e9tro 4 et 6 &#8211; Raspail, Vavin<\/em><\/span><\/p><p><span style=\"color: #808000;\"><em>Rer B &#8211; Port-Royal<\/em><\/span><\/p><p><span style=\"color: #808000;\"><em>Bus 91 &#8211; Campagne Premi\u00e8re<\/em><\/span><\/p><\/div>\n\t\t\t\t<\/div>\n\t\t\t\t<\/div>\n\t\t\t\t\t\t<\/div>\n\t\t\t<\/div>\n\t\t<\/div>\n\t\t\t\t<div class=\"elementor-element elementor-element-28d89d4 elementor-column elementor-col-33 elementor-top-column\" data-id=\"28d89d4\" data-element_type=\"column\">\n\t\t\t<div class=\"elementor-column-wrap  elementor-element-populated\">\n\t\t\t\t\t<div class=\"elementor-widget-wrap\">\n\t\t\t\t<div class=\"elementor-element elementor-element-515c83e elementor-widget elementor-widget-text-editor\" data-id=\"515c83e\" data-element_type=\"widget\" data-widget_type=\"text-editor.default\">\n\t\t\t\t<div class=\"elementor-widget-container\">\n\t\t\t\t\t<div class=\"elementor-text-editor elementor-clearfix\"><p><strong>Horaires d&#8217;ouverture :<\/strong><\/p><p>Lundi \u00a0 \u00a0 \u00a0 \u00a0 \u00a014h &#8211; 18h30<\/p><p>Mardi \u00a0 \u00a0 \u00a0 \u00a0 \u00a09h30 &#8211; 19h<\/p><p>Mercredi \u00a0 \u00a09h30 &#8211; 19h<\/p><p>Jeudi \u00a0 \u00a0 \u00a0 \u00a0 \u00a0 9h30 &#8211; 19h<\/p><p>Vendredi \u00a0 \u00a09h30 &#8211; 19h<\/p><p>Samedi \u00a0 \u00a0 \u00a0 9h30 &#8211; 19h<\/p><\/div>\n\t\t\t\t<\/div>\n\t\t\t\t<\/div>\n\t\t\t\t\t\t<\/div>\n\t\t\t<\/div>\n\t\t<\/div>\n\t\t\t\t\t\t<\/div>\n\t\t\t<\/div>\n\t\t<\/section>\n\t\t\t\t<section class=\"elementor-element elementor-element-8d9e6e7 elementor-section-stretched elementor-section-boxed elementor-section-height-default elementor-section-height-default elementor-section elementor-top-section\" data-id=\"8d9e6e7\" data-element_type=\"section\" data-settings=\"{&quot;stretch_section&quot;:&quot;section-stretched&quot;,&quot;background_background&quot;:&quot;classic&quot;}\">\n\t\t\t\t\t\t<div class=\"elementor-container elementor-column-gap-default\">\n\t\t\t\t<div class=\"elementor-row\">\n\t\t\t\t<div class=\"elementor-element elementor-element-a994e09 elementor-column elementor-col-50 elementor-top-column\" data-id=\"a994e09\" data-element_type=\"column\">\n\t\t\t<div class=\"elementor-column-wrap  elementor-element-populated\">\n\t\t\t\t\t<div class=\"elementor-widget-wrap\">\n\t\t\t\t<div class=\"elementor-element elementor-element-12bf242 elementor-widget elementor-widget-text-editor\" data-id=\"12bf242\" data-element_type=\"widget\" data-widget_type=\"text-editor.default\">\n\t\t\t\t<div class=\"elementor-widget-container\">\n\t\t\t\t\t<div class=\"elementor-text-editor elementor-clearfix\"><p><b>Contact<\/b><\/p><p>06 71 21 63 05<\/p><p>01 43 21 95 04<\/p><p>\u00a0<\/p><p><span style=\"color: #808000;\"><i>Il est pr\u00e9f\u00e9rable de formuler vos demandes de rendez-vous par SMS. Roseline vous r\u00e9pond par retour et si besoin oralement.<\/i><\/span><\/p><\/div>\n\t\t\t\t<\/div>\n\t\t\t\t<\/div>\n\t\t\t\t\t\t<\/div>\n\t\t\t<\/div>\n\t\t<\/div>\n\t\t\t\t<div class=\"elementor-element elementor-element-fa15129 elementor-column elementor-col-50 elementor-top-column\" data-id=\"fa15129\" data-element_type=\"column\">\n\t\t\t<div class=\"elementor-column-wrap  elementor-element-populated\">\n\t\t\t\t\t<div class=\"elementor-widget-wrap\">\n\t\t\t\t<div class=\"elementor-element elementor-element-799b772 elementor-widget__width-initial elementor-absolute elementor-widget elementor-widget-image\" data-id=\"799b772\" data-element_type=\"widget\" data-settings=\"{&quot;_position&quot;:&quot;absolute&quot;}\" data-widget_type=\"image.default\">\n\t\t\t\t<div class=\"elementor-widget-container\">\n\t\t\t\t\t<div class=\"elementor-image\">\n\t\t\t\t\t\t\t\t\t\t<img width=\"768\" height=\"672\" src=\"https:\/\/douceesthetique.fr\/wp-content\/uploads\/2020\/05\/Portrait-copie-1-768x672.png\" class=\"attachment-medium_large size-medium_large\" alt=\"\" loading=\"lazy\" srcset=\"https:\/\/douceesthetique.fr\/wp-content\/uploads\/2020\/05\/Portrait-copie-1-768x672.png 768w, https:\/\/douceesthetique.fr\/wp-content\/uploads\/2020\/05\/Portrait-copie-1-300x263.png 300w, https:\/\/douceesthetique.fr\/wp-content\/uploads\/2020\/05\/Portrait-copie-1-1024x896.png 1024w, https:\/\/douceesthetique.fr\/wp-content\/uploads\/2020\/05\/Portrait-copie-1-1536x1345.png 1536w, https:\/\/douceesthetique.fr\/wp-content\/uploads\/2020\/05\/Portrait-copie-1-2048x1793.png 2048w\" sizes=\"(max-width: 768px) 100vw, 768px\" \/>\t\t\t\t\t\t\t\t\t\t\t<\/div>\n\t\t\t\t<\/div>\n\t\t\t\t<\/div>\n\t\t\t\t\t\t<\/div>\n\t\t\t<\/div>\n\t\t<\/div>\n\t\t\t\t\t\t<\/div>\n\t\t\t<\/div>\n\t\t<\/section>\n\t\t\t\t\t\t<\/div>\n\t\t\t<\/div>\n\t\t<\/div>\n\t\t","protected":false},"excerpt":{"rendered":"<p>Douce Esth\u00e9tique 1, rue Campagne Premi\u00e8re 75014 PARIS \u00a0 M\u00e9tro 4 et 6 &#8211; Raspail, Vavin Rer B &#8211; Port-Royal Bus 91 &#8211; Campagne Premi\u00e8re Horaires d&#8217;ouverture : Lundi \u00a0 \u00a0 \u00a0 \u00a0 \u00a014h &#8211; 18h30 Mardi \u00a0 \u00a0 \u00a0 \u00a0 \u00a09h30 &#8211; 19h Mercredi \u00a0 \u00a09h30 &#8211; 19h Jeudi \u00a0 \u00a0 \u00a0 \u00a0 \u00a0&hellip; <\/p>\n","protected":false},"author":1,"featured_media":0,"parent":0,"menu_order":0,"comment_status":"closed","ping_status":"closed","template":"","meta":[],"yoast_head":"<!-- This site is optimized with the Yoast SEO plugin v14.1 - https:\/\/yoast.com\/wordpress\/plugins\/seo\/ -->\n<title>CONTACT - Douce Esth\u00e9tique<\/title>\n<meta name=\"robots\" content=\"index, follow\" \/>\n<meta name=\"googlebot\" content=\"index, follow, max-snippet:-1, max-image-preview:large, max-video-preview:-1\" \/>\n<meta name=\"bingbot\" content=\"index, follow, max-snippet:-1, max-image-preview:large, max-video-preview:-1\" \/>\n<link rel=\"canonical\" href=\"http:\/\/douceesthetique.fr\/index.php\/contact\/\" \/>\n<meta property=\"og:locale\" content=\"en_US\" \/>\n<meta property=\"og:type\" content=\"article\" \/>\n<meta property=\"og:title\" content=\"CONTACT - Douce Esth\u00e9tique\" \/>\n<meta property=\"og:description\" content=\"Douce Esth\u00e9tique 1, rue Campagne Premi\u00e8re 75014 PARIS \u00a0 M\u00e9tro 4 et 6 &#8211; Raspail, Vavin Rer B &#8211; Port-Royal Bus 91 &#8211; Campagne Premi\u00e8re Horaires d&#8217;ouverture : Lundi \u00a0 \u00a0 \u00a0 \u00a0 \u00a014h &#8211; 18h30 Mardi \u00a0 \u00a0 \u00a0 \u00a0 \u00a09h30 &#8211; 19h Mercredi \u00a0 \u00a09h30 &#8211; 19h Jeudi \u00a0 \u00a0 \u00a0 \u00a0 \u00a0&hellip;\" \/>\n<meta property=\"og:url\" content=\"http:\/\/douceesthetique.fr\/index.php\/contact\/\" \/>\n<meta property=\"og:site_name\" content=\"Douce Esth\u00e9tique\" \/>\n<meta property=\"article:modified_time\" content=\"2020-05-10T23:41:54+00:00\" \/>\n<meta property=\"og:image\" content=\"http:\/\/douceesthetique.fr\/wp-content\/uploads\/2020\/05\/Portrait-copie-1-768x672.png\" \/>\n<meta name=\"twitter:card\" content=\"summary_large_image\" \/>\n<script type=\"application\/ld+json\" class=\"yoast-schema-graph\">{\"@context\":\"https:\/\/schema.org\",\"@graph\":[{\"@type\":\"WebSite\",\"@id\":\"https:\/\/douceesthetique.fr\/#website\",\"url\":\"https:\/\/douceesthetique.fr\/\",\"name\":\"douceesth\\u00e9tique\",\"description\":\"INSTITUT DE BEAUT\\u00c9\",\"potentialAction\":[{\"@type\":\"SearchAction\",\"target\":\"https:\/\/douceesthetique.fr\/?s={search_term_string}\",\"query-input\":\"required name=search_term_string\"}],\"inLanguage\":\"en-US\"},{\"@type\":\"ImageObject\",\"@id\":\"http:\/\/douceesthetique.fr\/index.php\/contact\/#primaryimage\",\"inLanguage\":\"en-US\",\"url\":\"http:\/\/douceesthetique.fr\/wp-content\/uploads\/2020\/05\/Portrait-copie-1-768x672.png\"},{\"@type\":\"WebPage\",\"@id\":\"http:\/\/douceesthetique.fr\/index.php\/contact\/#webpage\",\"url\":\"http:\/\/douceesthetique.fr\/index.php\/contact\/\",\"name\":\"CONTACT - Douce Esth\\u00e9tique\",\"isPartOf\":{\"@id\":\"https:\/\/douceesthetique.fr\/#website\"},\"primaryImageOfPage\":{\"@id\":\"http:\/\/douceesthetique.fr\/index.php\/contact\/#primaryimage\"},\"datePublished\":\"2020-04-24T12:37:04+00:00\",\"dateModified\":\"2020-05-10T23:41:54+00:00\",\"inLanguage\":\"en-US\",\"potentialAction\":[{\"@type\":\"ReadAction\",\"target\":[\"http:\/\/douceesthetique.fr\/index.php\/contact\/\"]}]}]}<\/script>\n<!-- \/ Yoast SEO plugin. -->","_links":{"self":[{"href":"https:\/\/douceesthetique.fr\/index.php\/wp-json\/wp\/v2\/pages\/48"}],"collection":[{"href":"https:\/\/douceesthetique.fr\/index.php\/wp-json\/wp\/v2\/pages"}],"about":[{"href":"https:\/\/douceesthetique.fr\/index.php\/wp-json\/wp\/v2\/types\/page"}],"author":[{"embeddable":true,"href":"https:\/\/douceesthetique.fr\/index.php\/wp-json\/wp\/v2\/users\/1"}],"replies":[{"embeddable":true,"href":"https:\/\/douceesthetique.fr\/index.php\/wp-json\/wp\/v2\/comments?post=48"}],"version-history":[{"count":68,"href":"https:\/\/douceesthetique.fr\/index.php\/wp-json\/wp\/v2\/pages\/48\/revisions"}],"predecessor-version":[{"id":866,"href":"https:\/\/douceesthetique.fr\/index.php\/wp-json\/wp\/v2\/pages\/48\/revisions\/866"}],"wp:attachment":[{"href":"https:\/\/douceesthetique.fr\/index.php\/wp-json\/wp\/v2\/media?parent=48"}],"curies":[{"name":"wp","href":"https:\/\/api.w.org\/{rel}","templated":true}]}}